{"id":144,"date":"2025-10-29T13:09:30","date_gmt":"2025-10-29T13:09:30","guid":{"rendered":"https:\/\/biscandles.pt\/?post_type=product&#038;p=144"},"modified":"2025-10-29T13:11:00","modified_gmt":"2025-10-29T13:11:00","slug":"kit-wax-metls-natalino-edicao-limitada","status":"publish","type":"product","link":"https:\/\/biscandles.pt\/index.php\/product\/kit-wax-metls-natalino-edicao-limitada\/","title":{"rendered":"Kit Wax Metls Natalino - Edi\u00e7\u00e3o Limitada"},"content":{"rendered":"<div>Celebra o esp\u00edrito do Natal com o nosso Kit Wax Melts Natalino, uma edi\u00e7\u00e3o limitada pensada para perfumar e decorar o teu lar com charme e aconchego.<\/div>\n<div><\/div>\n<div>O kit inclui 1 saquinho de wax melts arom\u00e1ticos em formas natalinas e 1 pe\u00e7a (suporte para derreter), ideal para criar um ambiente acolhedor e cheio de aroma festivo.<\/div>\n<div><\/div>\n<div>Se j\u00e1 tens a pe\u00e7a, podes optar apenas pela recarga (7\u20ac) \u2014 um saquinho com os melts, perfeito para continuar a desfrutar do aroma natal\u00edcio.<\/div>\n<div><\/div>\n<div>\ud83d\udcab Pre\u00e7o:<\/div>\n<div>\u2022Kit completo (saco + pe\u00e7a ): 15\u20ac<\/div>\n<div>\u2022Recarga (apenas o saco): 7\u20ac<\/div>\n<div><\/div>\n<div>\ud83d\udd6f Feito artesanalmente com amor, para tornar o teu Natal ainda mais especial.<\/div>\n","protected":false},"excerpt":{"rendered":"<p>Celebra o esp\u00edrito do Natal com o nosso Kit Wax Melts Natalino, uma edi\u00e7\u00e3o limitada pensada para perfumar e decorar o teu lar com charme e aconchego. O kit inclui 1 saquinho de wax melts arom\u00e1ticos em formas natalinas e 1 pe\u00e7a (suporte para derreter), ideal para criar um ambiente acolhedor e cheio de aroma [&hellip;]<\/p>\n","protected":false},"featured_media":145,"comment_status":"open","ping_status":"closed","template":"","meta":[],"product_brand":[],"product_cat":[17],"product_tag":[],"class_list":{"0":"post-144","1":"product","2":"type-product","3":"status-publish","4":"has-post-thumbnail","6":"product_cat-candles","8":"first","9":"instock","10":"shipping-taxable","11":"purchasable","12":"product-type-simple"},"_links":{"self":[{"href":"https:\/\/biscandles.pt\/index.php\/wp-json\/wp\/v2\/product\/144","targetHints":{"allow":["GET"]}}],"collection":[{"href":"https:\/\/biscandles.pt\/index.php\/wp-json\/wp\/v2\/product"}],"about":[{"href":"https:\/\/biscandles.pt\/index.php\/wp-json\/wp\/v2\/types\/product"}],"replies":[{"embeddable":true,"href":"https:\/\/biscandles.pt\/index.php\/wp-json\/wp\/v2\/comments?post=144"}],"wp:featuredmedia":[{"embeddable":true,"href":"https:\/\/biscandles.pt\/index.php\/wp-json\/wp\/v2\/media\/145"}],"wp:attachment":[{"href":"https:\/\/biscandles.pt\/index.php\/wp-json\/wp\/v2\/media?parent=144"}],"wp:term":[{"taxonomy":"product_brand","embeddable":true,"href":"https:\/\/biscandles.pt\/index.php\/wp-json\/wp\/v2\/product_brand?post=144"},{"taxonomy":"product_cat","embeddable":true,"href":"https:\/\/biscandles.pt\/index.php\/wp-json\/wp\/v2\/product_cat?post=144"},{"taxonomy":"product_tag","embeddable":true,"href":"https:\/\/biscandles.pt\/index.php\/wp-json\/wp\/v2\/product_tag?post=144"}],"curies":[{"name":"wp","href":"https:\/\/api.w.org\/{rel}","templated":true}]}}