{"id":136,"date":"2025-10-20T14:24:33","date_gmt":"2025-10-20T14:24:33","guid":{"rendered":"https:\/\/biscandles.pt\/?post_type=product&#038;p=136"},"modified":"2025-10-20T14:24:33","modified_gmt":"2025-10-20T14:24:33","slug":"abobora-candle","status":"publish","type":"product","link":"https:\/\/biscandles.pt\/index.php\/product\/abobora-candle\/","title":{"rendered":"Ab\u00f3bora Candle"},"content":{"rendered":"<p>\ud83c\udf83 Velas Ab\u00f3bora Bis Candles \ud83d\udd6f<br \/>\nA decora\u00e7\u00e3o perfeita para esta \u00e9poca! Feitas \u00e0 m\u00e3o com cera 100% vegetal e aroma envolvente, estas velas trazem o toque acolhedor do outono para qualquer espa\u00e7o \ud83c\udf42<\/p>\n<p>\u2728 Ideais para decorar, oferecer ou criar aquele ambiente especial em casa.<br \/>\n\ud83d\udc9b Aproveita \u2014 edi\u00e7\u00e3o\u00a0limitada<\/p>\n","protected":false},"excerpt":{"rendered":"<p>\ud83c\udf83 Velas Ab\u00f3bora Bis Candles \ud83d\udd6f A decora\u00e7\u00e3o perfeita para esta \u00e9poca! Feitas \u00e0 m\u00e3o com cera 100% vegetal e aroma envolvente, estas velas trazem o toque acolhedor do outono para qualquer espa\u00e7o \ud83c\udf42 \u2728 Ideais para decorar, oferecer ou criar aquele ambiente especial em casa. \ud83d\udc9b Aproveita \u2014 edi\u00e7\u00e3o\u00a0limitada<\/p>\n","protected":false},"featured_media":137,"comment_status":"open","ping_status":"closed","template":"","meta":[],"product_brand":[],"product_cat":[15],"product_tag":[],"class_list":{"0":"post-136","1":"product","2":"type-product","3":"status-publish","4":"has-post-thumbnail","6":"product_cat-uncategorized","8":"first","9":"instock","10":"shipping-taxable","11":"purchasable","12":"product-type-simple"},"_links":{"self":[{"href":"https:\/\/biscandles.pt\/index.php\/wp-json\/wp\/v2\/product\/136","targetHints":{"allow":["GET"]}}],"collection":[{"href":"https:\/\/biscandles.pt\/index.php\/wp-json\/wp\/v2\/product"}],"about":[{"href":"https:\/\/biscandles.pt\/index.php\/wp-json\/wp\/v2\/types\/product"}],"replies":[{"embeddable":true,"href":"https:\/\/biscandles.pt\/index.php\/wp-json\/wp\/v2\/comments?post=136"}],"wp:featuredmedia":[{"embeddable":true,"href":"https:\/\/biscandles.pt\/index.php\/wp-json\/wp\/v2\/media\/137"}],"wp:attachment":[{"href":"https:\/\/biscandles.pt\/index.php\/wp-json\/wp\/v2\/media?parent=136"}],"wp:term":[{"taxonomy":"product_brand","embeddable":true,"href":"https:\/\/biscandles.pt\/index.php\/wp-json\/wp\/v2\/product_brand?post=136"},{"taxonomy":"product_cat","embeddable":true,"href":"https:\/\/biscandles.pt\/index.php\/wp-json\/wp\/v2\/product_cat?post=136"},{"taxonomy":"product_tag","embeddable":true,"href":"https:\/\/biscandles.pt\/index.php\/wp-json\/wp\/v2\/product_tag?post=136"}],"curies":[{"name":"wp","href":"https:\/\/api.w.org\/{rel}","templated":true}]}}