{"id":115,"date":"2025-10-08T08:48:44","date_gmt":"2025-10-08T08:48:44","guid":{"rendered":"https:\/\/biscandles.pt\/?post_type=product&#038;p=115"},"modified":"2025-10-11T05:05:52","modified_gmt":"2025-10-11T05:05:52","slug":"bouquet-eterno","status":"publish","type":"product","link":"https:\/\/biscandles.pt\/index.php\/product\/bouquet-eterno\/","title":{"rendered":"Bouquet Eterno"},"content":{"rendered":"<p>Bouquet Eterno \u2013 Bis Candles<\/p>\n<p>Um presente que combina beleza, aroma e durabilidade.<br \/>\nO Bouquet Eterno \u00e9 composto por delicadas flores em vela artesanal, moldadas \u00e0 m\u00e3o, e uma base em gesso elegante, criando uma pe\u00e7a decorativa \u00fanica e intemporal.<\/p>\n<p>Cada detalhe \u00e9 feito com amor, resultando num arranjo que perfuma o ambiente e encanta o olhar \u2014 perfeito para oferecer em anivers\u00e1rios, datas de namoro, Dia da M\u00e3e ou qualquer ocasi\u00e3o especial.<\/p>\n<p>\u2728 Feito \u00e0 m\u00e3o | Aroma personalizado | Pe\u00e7a duradoura e decorativa<\/p>\n<p>\ud83d\udc9d Surpreende quem mais amas com um presente que nunca perde\u00a0o\u00a0encanto.<\/p>\n","protected":false},"excerpt":{"rendered":"<p>Bouquet Eterno \u2013 Bis Candles Um presente que combina beleza, aroma e durabilidade. O Bouquet Eterno \u00e9 composto por delicadas flores em vela artesanal, moldadas \u00e0 m\u00e3o, e uma base em gesso elegante, criando uma pe\u00e7a decorativa \u00fanica e intemporal. Cada detalhe \u00e9 feito com amor, resultando num arranjo que perfuma o ambiente e encanta [&hellip;]<\/p>\n","protected":false},"featured_media":116,"comment_status":"open","ping_status":"closed","template":"","meta":[],"product_brand":[],"product_cat":[17],"product_tag":[],"class_list":{"0":"post-115","1":"product","2":"type-product","3":"status-publish","4":"has-post-thumbnail","6":"product_cat-candles","8":"first","9":"instock","10":"shipping-taxable","11":"purchasable","12":"product-type-simple"},"_links":{"self":[{"href":"https:\/\/biscandles.pt\/index.php\/wp-json\/wp\/v2\/product\/115","targetHints":{"allow":["GET"]}}],"collection":[{"href":"https:\/\/biscandles.pt\/index.php\/wp-json\/wp\/v2\/product"}],"about":[{"href":"https:\/\/biscandles.pt\/index.php\/wp-json\/wp\/v2\/types\/product"}],"replies":[{"embeddable":true,"href":"https:\/\/biscandles.pt\/index.php\/wp-json\/wp\/v2\/comments?post=115"}],"wp:featuredmedia":[{"embeddable":true,"href":"https:\/\/biscandles.pt\/index.php\/wp-json\/wp\/v2\/media\/116"}],"wp:attachment":[{"href":"https:\/\/biscandles.pt\/index.php\/wp-json\/wp\/v2\/media?parent=115"}],"wp:term":[{"taxonomy":"product_brand","embeddable":true,"href":"https:\/\/biscandles.pt\/index.php\/wp-json\/wp\/v2\/product_brand?post=115"},{"taxonomy":"product_cat","embeddable":true,"href":"https:\/\/biscandles.pt\/index.php\/wp-json\/wp\/v2\/product_cat?post=115"},{"taxonomy":"product_tag","embeddable":true,"href":"https:\/\/biscandles.pt\/index.php\/wp-json\/wp\/v2\/product_tag?post=115"}],"curies":[{"name":"wp","href":"https:\/\/api.w.org\/{rel}","templated":true}]}}