{"id":108,"date":"2025-10-01T12:21:53","date_gmt":"2025-10-01T12:21:53","guid":{"rendered":"https:\/\/biscandles.pt\/?post_type=product&#038;p=108"},"modified":"2025-10-11T04:58:51","modified_gmt":"2025-10-11T04:58:51","slug":"6-luzes-de-canela","status":"publish","type":"product","link":"https:\/\/biscandles.pt\/index.php\/product\/6-luzes-de-canela\/","title":{"rendered":"6 Luzes de Canela"},"content":{"rendered":"<p>Um pack, mil emo\u00e7\u00f5es!!<br \/>\nO calor da canela envolve o ar, o frio da chuva fica l\u00e1 fora e o cora\u00e7\u00e3o aquece c\u00e1 dentro. \u2744\u2764<br \/>\nO presente perfeito para iluminar este Natal \u2014 6 velas por apenas 12\u20ac<\/p>\n","protected":false},"excerpt":{"rendered":"<p>Um pack, mil emo\u00e7\u00f5es!! O calor da canela envolve o ar, o frio da chuva fica l\u00e1 fora e o cora\u00e7\u00e3o aquece c\u00e1 dentro. \u2744\u2764 O presente perfeito para iluminar este Natal \u2014 6 velas por apenas 12\u20ac<\/p>\n","protected":false},"featured_media":109,"comment_status":"open","ping_status":"closed","template":"","meta":[],"product_brand":[],"product_cat":[17],"product_tag":[],"class_list":{"0":"post-108","1":"product","2":"type-product","3":"status-publish","4":"has-post-thumbnail","6":"product_cat-candles","8":"first","9":"instock","10":"shipping-taxable","11":"purchasable","12":"product-type-simple"},"_links":{"self":[{"href":"https:\/\/biscandles.pt\/index.php\/wp-json\/wp\/v2\/product\/108","targetHints":{"allow":["GET"]}}],"collection":[{"href":"https:\/\/biscandles.pt\/index.php\/wp-json\/wp\/v2\/product"}],"about":[{"href":"https:\/\/biscandles.pt\/index.php\/wp-json\/wp\/v2\/types\/product"}],"replies":[{"embeddable":true,"href":"https:\/\/biscandles.pt\/index.php\/wp-json\/wp\/v2\/comments?post=108"}],"wp:featuredmedia":[{"embeddable":true,"href":"https:\/\/biscandles.pt\/index.php\/wp-json\/wp\/v2\/media\/109"}],"wp:attachment":[{"href":"https:\/\/biscandles.pt\/index.php\/wp-json\/wp\/v2\/media?parent=108"}],"wp:term":[{"taxonomy":"product_brand","embeddable":true,"href":"https:\/\/biscandles.pt\/index.php\/wp-json\/wp\/v2\/product_brand?post=108"},{"taxonomy":"product_cat","embeddable":true,"href":"https:\/\/biscandles.pt\/index.php\/wp-json\/wp\/v2\/product_cat?post=108"},{"taxonomy":"product_tag","embeddable":true,"href":"https:\/\/biscandles.pt\/index.php\/wp-json\/wp\/v2\/product_tag?post=108"}],"curies":[{"name":"wp","href":"https:\/\/api.w.org\/{rel}","templated":true}]}}