{"id":106,"date":"2025-09-29T21:11:23","date_gmt":"2025-09-29T21:11:23","guid":{"rendered":"https:\/\/biscandles.pt\/?post_type=product&#038;p=106"},"modified":"2025-10-29T13:10:31","modified_gmt":"2025-10-29T13:10:31","slug":"bouquet-flowers-candle","status":"publish","type":"product","link":"https:\/\/biscandles.pt\/index.php\/product\/bouquet-flowers-candle\/","title":{"rendered":"Bouquet Premium flowers"},"content":{"rendered":"<p>Um bouquet diferente de tudo o que j\u00e1 viu!<br \/>\nEste arranjo de flores feitas em vela artesanal \u00e9 a prenda perfeita para surpreender quem mais ama. Ideal para oferecer \u00e0 m\u00e3e, namorada, av\u00f3, fam\u00edlia ou amiga especial, em qualquer ocasi\u00e3o: anivers\u00e1rio, Dia da M\u00e3e, datas importantes ou simplesmente para dizer \u201cgosto de ti\u201d. \ud83e\udd0d<\/p>\n<p>Feito \u00e0 m\u00e3o com todo o detalhe, brilho e delicadeza, combina a beleza eterna das flores com o aconchego da vela \u2013 uma pe\u00e7a decorativa \u00fanica e cheia de charme.<\/p>\n","protected":false},"excerpt":{"rendered":"<p>Uma lembran\u00e7a que n\u00e3o murcha e que vai iluminar qualquer espa\u00e7o\u00a0com\u00a0muito\u00a0amor.<\/p>\n","protected":false},"featured_media":142,"comment_status":"open","ping_status":"closed","template":"","meta":[],"product_brand":[],"product_cat":[17],"product_tag":[],"class_list":{"0":"post-106","1":"product","2":"type-product","3":"status-publish","4":"has-post-thumbnail","6":"product_cat-candles","8":"first","9":"instock","10":"shipping-taxable","11":"purchasable","12":"product-type-simple"},"_links":{"self":[{"href":"https:\/\/biscandles.pt\/index.php\/wp-json\/wp\/v2\/product\/106","targetHints":{"allow":["GET"]}}],"collection":[{"href":"https:\/\/biscandles.pt\/index.php\/wp-json\/wp\/v2\/product"}],"about":[{"href":"https:\/\/biscandles.pt\/index.php\/wp-json\/wp\/v2\/types\/product"}],"replies":[{"embeddable":true,"href":"https:\/\/biscandles.pt\/index.php\/wp-json\/wp\/v2\/comments?post=106"}],"wp:featuredmedia":[{"embeddable":true,"href":"https:\/\/biscandles.pt\/index.php\/wp-json\/wp\/v2\/media\/142"}],"wp:attachment":[{"href":"https:\/\/biscandles.pt\/index.php\/wp-json\/wp\/v2\/media?parent=106"}],"wp:term":[{"taxonomy":"product_brand","embeddable":true,"href":"https:\/\/biscandles.pt\/index.php\/wp-json\/wp\/v2\/product_brand?post=106"},{"taxonomy":"product_cat","embeddable":true,"href":"https:\/\/biscandles.pt\/index.php\/wp-json\/wp\/v2\/product_cat?post=106"},{"taxonomy":"product_tag","embeddable":true,"href":"https:\/\/biscandles.pt\/index.php\/wp-json\/wp\/v2\/product_tag?post=106"}],"curies":[{"name":"wp","href":"https:\/\/api.w.org\/{rel}","templated":true}]}}